{"id":2242,"date":"2023-03-02T12:50:20","date_gmt":"2023-03-02T09:50:20","guid":{"rendered":"http:\/\/demo.safirtema.com\/rehber\/?page_id=2242"},"modified":"2023-03-22T11:26:55","modified_gmt":"2023-03-22T08:26:55","slug":"yasal-uyari","status":"publish","type":"page","link":"https:\/\/turizmrehberim.com\/?page_id=2242","title":{"rendered":"Yasal Uyar\u0131"},"content":{"rendered":"\n<h4 class=\"wp-block-heading\">Safir Rehber WordPress&nbsp;Temas\u0131 Ni\u011fde 3.Noterli\u011fi taraf\u0131ndan Safir Tasar\u0131m ad\u0131na tescillenmi\u015ftir. Muhtemel bir illegal kullan\u0131m\/payla\u015f\u0131m durumunda su\u00e7lu durumuna d\u00fc\u015fece\u011finizi hat\u0131rlat\u0131r\u0131z. Gerekli hallerde tescil belgeleri sunulabilir. Firmam\u0131zda sat\u0131\u015flar fatural\u0131 olarak yap\u0131lmaktad\u0131r.<\/h4>\n","protected":false},"excerpt":{"rendered":"<p>Safir Rehber WordPress&nbsp;Temas\u0131 Ni\u011fde 3.Noterli\u011fi taraf\u0131ndan Safir Tasar\u0131m ad\u0131na tescillenmi\u015ftir. Muhtemel bir illegal kullan\u0131m\/payla\u015f\u0131m durumunda su\u00e7lu durumuna d\u00fc\u015fece\u011finizi hat\u0131rlat\u0131r\u0131z. Gerekli hallerde tescil belgeleri sunulabilir. Firmam\u0131zda sat\u0131\u015flar fatural\u0131 olarak yap\u0131lmaktad\u0131r.<\/p>\n","protected":false},"author":1,"featured_media":0,"parent":0,"menu_order":0,"comment_status":"open","ping_status":"open","template":"pages\/page-full.php","meta":{"footnotes":""},"class_list":["post-2242","page","type-page","status-publish","hentry"],"_links":{"self":[{"href":"https:\/\/turizmrehberim.com\/index.php?rest_route=\/wp\/v2\/pages\/2242","targetHints":{"allow":["GET"]}}],"collection":[{"href":"https:\/\/turizmrehberim.com\/index.php?rest_route=\/wp\/v2\/pages"}],"about":[{"href":"https:\/\/turizmrehberim.com\/index.php?rest_route=\/wp\/v2\/types\/page"}],"author":[{"embeddable":true,"href":"https:\/\/turizmrehberim.com\/index.php?rest_route=\/wp\/v2\/users\/1"}],"replies":[{"embeddable":true,"href":"https:\/\/turizmrehberim.com\/index.php?rest_route=%2Fwp%2Fv2%2Fcomments&post=2242"}],"version-history":[{"count":3,"href":"https:\/\/turizmrehberim.com\/index.php?rest_route=\/wp\/v2\/pages\/2242\/revisions"}],"predecessor-version":[{"id":3739,"href":"https:\/\/turizmrehberim.com\/index.php?rest_route=\/wp\/v2\/pages\/2242\/revisions\/3739"}],"wp:attachment":[{"href":"https:\/\/turizmrehberim.com\/index.php?rest_route=%2Fwp%2Fv2%2Fmedia&parent=2242"}],"curies":[{"name":"wp","href":"https:\/\/api.w.org\/{rel}","templated":true}]}}